{"id":133,"date":"2025-05-28T21:33:07","date_gmt":"2025-05-28T21:33:07","guid":{"rendered":"https:\/\/beladuque.com.br\/site\/?page_id=133"},"modified":"2025-07-28T19:40:55","modified_gmt":"2025-07-28T19:40:55","slug":"quem-somos","status":"publish","type":"page","link":"https:\/\/beladuque.com.br\/site\/quem-somos\/","title":{"rendered":"QUEM SOMOS"},"content":{"rendered":"\t\t<div data-elementor-type=\"wp-page\" data-elementor-id=\"133\" class=\"elementor elementor-133\" data-elementor-post-type=\"page\">\n\t\t\t\t<div class=\"elementor-element elementor-element-d9d592c e-flex e-con-boxed e-con e-parent\" data-id=\"d9d592c\" data-element_type=\"container\" data-e-type=\"container\">\n\t\t\t\t\t<div class=\"e-con-inner\">\n\t\t<div class=\"elementor-element elementor-element-cec5ea4 e-con-full e-flex e-con e-child\" data-id=\"cec5ea4\" data-element_type=\"container\" data-e-type=\"container\">\n\t\t\t\t<div class=\"elementor-element elementor-element-71692db elementor-widget__width-initial elementor-widget-mobile__width-initial elementor-hidden-desktop elementor-widget elementor-widget-image\" data-id=\"71692db\" data-element_type=\"widget\" data-e-type=\"widget\" data-widget_type=\"image.default\">\n\t\t\t\t<div class=\"elementor-widget-container\">\n\t\t\t\t\t\t\t\t\t\t\t\t\t\t\t<img fetchpriority=\"high\" decoding=\"async\" width=\"574\" height=\"560\" src=\"https:\/\/beladuque.com.br\/site\/wp-content\/uploads\/2025\/05\/foto-sobre.png\" class=\"attachment-full size-full wp-image-92\" alt=\"\" srcset=\"https:\/\/beladuque.com.br\/site\/wp-content\/uploads\/2025\/05\/foto-sobre.png 574w, https:\/\/beladuque.com.br\/site\/wp-content\/uploads\/2025\/05\/foto-sobre-300x293.png 300w\" sizes=\"(max-width: 574px) 100vw, 574px\" \/>\t\t\t\t\t\t\t\t\t\t\t\t\t\t\t<\/div>\n\t\t\t\t<\/div>\n\t\t\t\t<div class=\"elementor-element elementor-element-ed983bf elementor-widget elementor-widget-text-editor\" data-id=\"ed983bf\" data-element_type=\"widget\" data-e-type=\"widget\" data-widget_type=\"text-editor.default\">\n\t\t\t\t<div class=\"elementor-widget-container\">\n\t\t\t\t\t\t\t\t\tSOBRE N\u00d3S\t\t\t\t\t\t\t\t<\/div>\n\t\t\t\t<\/div>\n\t\t\t\t<div class=\"elementor-element elementor-element-24b797a elementor-widget__width-initial elementor-widget-mobile__width-inherit elementor-widget elementor-widget-text-editor\" data-id=\"24b797a\" data-element_type=\"widget\" data-e-type=\"widget\" data-widget_type=\"text-editor.default\">\n\t\t\t\t<div class=\"elementor-widget-container\">\n\t\t\t\t\t\t\t\t\t<p>BELA DUQUE DESIGN \u00ae<\/p>\t\t\t\t\t\t\t\t<\/div>\n\t\t\t\t<\/div>\n\t\t\t\t<div class=\"elementor-element elementor-element-159a12d elementor-widget__width-initial elementor-widget elementor-widget-text-editor\" data-id=\"159a12d\" data-element_type=\"widget\" data-e-type=\"widget\" data-widget_type=\"text-editor.default\">\n\t\t\t\t<div class=\"elementor-widget-container\">\n\t\t\t\t\t\t\t\t\t<p>Uma empresa que nasceu da paix\u00e3o de unir um design sofisticado, minimalista e aut\u00eantico, trazendo um novo conceito de identidade visual para o mundo das marcas!<\/p>\t\t\t\t\t\t\t\t<\/div>\n\t\t\t\t<\/div>\n\t\t\t\t<\/div>\n\t\t<div class=\"elementor-element elementor-element-9d5ed82 e-con-full e-flex e-con e-child\" data-id=\"9d5ed82\" data-element_type=\"container\" data-e-type=\"container\">\n\t\t\t\t<div class=\"elementor-element elementor-element-ae3481d elementor-widget__width-initial elementor-hidden-tablet elementor-hidden-mobile elementor-widget elementor-widget-image\" data-id=\"ae3481d\" data-element_type=\"widget\" data-e-type=\"widget\" data-widget_type=\"image.default\">\n\t\t\t\t<div class=\"elementor-widget-container\">\n\t\t\t\t\t\t\t\t\t\t\t\t\t\t\t<img fetchpriority=\"high\" decoding=\"async\" width=\"574\" height=\"560\" src=\"https:\/\/beladuque.com.br\/site\/wp-content\/uploads\/2025\/05\/foto-sobre.png\" class=\"attachment-full size-full wp-image-92\" alt=\"\" srcset=\"https:\/\/beladuque.com.br\/site\/wp-content\/uploads\/2025\/05\/foto-sobre.png 574w, https:\/\/beladuque.com.br\/site\/wp-content\/uploads\/2025\/05\/foto-sobre-300x293.png 300w\" sizes=\"(max-width: 574px) 100vw, 574px\" \/>\t\t\t\t\t\t\t\t\t\t\t\t\t\t\t<\/div>\n\t\t\t\t<\/div>\n\t\t\t\t<\/div>\n\t\t\t\t\t<\/div>\n\t\t\t\t<\/div>\n\t\t<div class=\"elementor-element elementor-element-cdf9b0a e-flex e-con-boxed e-con e-parent\" data-id=\"cdf9b0a\" data-element_type=\"container\" data-e-type=\"container\">\n\t\t\t\t\t<div class=\"e-con-inner\">\n\t\t<div class=\"elementor-element elementor-element-07f1957 e-con-full e-flex e-con e-child\" data-id=\"07f1957\" data-element_type=\"container\" data-e-type=\"container\">\n\t\t\t\t<div class=\"elementor-element elementor-element-69208fb elementor-widget__width-initial elementor-widget-mobile__width-inherit elementor-widget elementor-widget-image\" data-id=\"69208fb\" data-element_type=\"widget\" data-e-type=\"widget\" data-widget_type=\"image.default\">\n\t\t\t\t<div class=\"elementor-widget-container\">\n\t\t\t\t\t\t\t\t\t\t\t\t\t\t\t<img decoding=\"async\" width=\"458\" height=\"560\" src=\"https:\/\/beladuque.com.br\/site\/wp-content\/uploads\/2025\/05\/bela.png\" class=\"attachment-full size-full wp-image-140\" alt=\"\" srcset=\"https:\/\/beladuque.com.br\/site\/wp-content\/uploads\/2025\/05\/bela.png 458w, https:\/\/beladuque.com.br\/site\/wp-content\/uploads\/2025\/05\/bela-245x300.png 245w\" sizes=\"(max-width: 458px) 100vw, 458px\" \/>\t\t\t\t\t\t\t\t\t\t\t\t\t\t\t<\/div>\n\t\t\t\t<\/div>\n\t\t\t\t<\/div>\n\t\t<div class=\"elementor-element elementor-element-e0421a4 e-con-full e-flex e-con e-child\" data-id=\"e0421a4\" data-element_type=\"container\" data-e-type=\"container\">\n\t\t\t\t<div class=\"elementor-element elementor-element-592688e elementor-widget elementor-widget-text-editor\" data-id=\"592688e\" data-element_type=\"widget\" data-e-type=\"widget\" data-widget_type=\"text-editor.default\">\n\t\t\t\t<div class=\"elementor-widget-container\">\n\t\t\t\t\t\t\t\t\tQuem \u00e9 a\t\t\t\t\t\t\t\t<\/div>\n\t\t\t\t<\/div>\n\t\t\t\t<div class=\"elementor-element elementor-element-0a7fb16 elementor-widget__width-initial elementor-widget-mobile__width-inherit elementor-widget elementor-widget-text-editor\" data-id=\"0a7fb16\" data-element_type=\"widget\" data-e-type=\"widget\" data-widget_type=\"text-editor.default\">\n\t\t\t\t<div class=\"elementor-widget-container\">\n\t\t\t\t\t\t\t\t\t<p>Bela Duque?<\/p>\t\t\t\t\t\t\t\t<\/div>\n\t\t\t\t<\/div>\n\t\t\t\t<div class=\"elementor-element elementor-element-b772a5c elementor-widget__width-initial elementor-widget elementor-widget-text-editor\" data-id=\"b772a5c\" data-element_type=\"widget\" data-e-type=\"widget\" data-widget_type=\"text-editor.default\">\n\t\t\t\t<div class=\"elementor-widget-container\">\n\t\t\t\t\t\t\t\t\t<p>A Bela Duque, propriet\u00e1ria da empresa, \u00e9 uma profissional formada em design gr\u00e1fico \u00a0e especialista em oferecer solu\u00e7\u00f5es visuais para empreendedores e empres\u00e1rios que buscam destacar suas marcas com um design \u00fanico e moderno. Com + 2.500 clientes ao redor do mundo, a Bela Duque se destaca como uma jovem empres\u00e1ria com talento inato de uma designer de sucesso!<\/p>\t\t\t\t\t\t\t\t<\/div>\n\t\t\t\t<\/div>\n\t\t\t\t<\/div>\n\t\t\t\t\t<\/div>\n\t\t\t\t<\/div>\n\t\t<div class=\"elementor-element elementor-element-a5fa4d3 e-flex e-con-boxed e-con e-parent\" data-id=\"a5fa4d3\" data-element_type=\"container\" data-e-type=\"container\">\n\t\t\t\t\t<div class=\"e-con-inner\">\n\t\t<div class=\"elementor-element elementor-element-a21d905 e-con-full e-flex e-con e-child\" data-id=\"a21d905\" data-element_type=\"container\" data-e-type=\"container\">\n\t\t\t\t<div class=\"elementor-element elementor-element-df940e9 elementor-widget__width-initial elementor-widget-mobile__width-initial elementor-hidden-desktop elementor-widget elementor-widget-image\" data-id=\"df940e9\" data-element_type=\"widget\" data-e-type=\"widget\" data-widget_type=\"image.default\">\n\t\t\t\t<div class=\"elementor-widget-container\">\n\t\t\t\t\t\t\t\t\t\t\t\t\t\t\t<img decoding=\"async\" width=\"458\" height=\"560\" src=\"https:\/\/beladuque.com.br\/site\/wp-content\/uploads\/2025\/05\/rafa.png\" class=\"attachment-full size-full wp-image-141\" alt=\"\" srcset=\"https:\/\/beladuque.com.br\/site\/wp-content\/uploads\/2025\/05\/rafa.png 458w, https:\/\/beladuque.com.br\/site\/wp-content\/uploads\/2025\/05\/rafa-245x300.png 245w\" sizes=\"(max-width: 458px) 100vw, 458px\" \/>\t\t\t\t\t\t\t\t\t\t\t\t\t\t\t<\/div>\n\t\t\t\t<\/div>\n\t\t\t\t<div class=\"elementor-element elementor-element-0c81176 elementor-widget elementor-widget-text-editor\" data-id=\"0c81176\" data-element_type=\"widget\" data-e-type=\"widget\" data-widget_type=\"text-editor.default\">\n\t\t\t\t<div class=\"elementor-widget-container\">\n\t\t\t\t\t\t\t\t\tQuem \u00e9 a\t\t\t\t\t\t\t\t<\/div>\n\t\t\t\t<\/div>\n\t\t\t\t<div class=\"elementor-element elementor-element-ee51308 elementor-widget__width-initial elementor-widget-mobile__width-inherit elementor-widget elementor-widget-text-editor\" data-id=\"ee51308\" data-element_type=\"widget\" data-e-type=\"widget\" data-widget_type=\"text-editor.default\">\n\t\t\t\t<div class=\"elementor-widget-container\">\n\t\t\t\t\t\t\t\t\tRafaela Duque?\t\t\t\t\t\t\t\t<\/div>\n\t\t\t\t<\/div>\n\t\t\t\t<div class=\"elementor-element elementor-element-097d19d elementor-widget__width-initial elementor-widget elementor-widget-text-editor\" data-id=\"097d19d\" data-element_type=\"widget\" data-e-type=\"widget\" data-widget_type=\"text-editor.default\">\n\t\t\t\t<div class=\"elementor-widget-container\">\n\t\t\t\t\t\t\t\t\tA Rafaela Duque, s\u00f3cia-fundadora da empresa, \u00e9 empres\u00e1ria e advogada especialista\nem marcas e contratos. Alinhada ao prop\u00f3sito da Bela Duque Design, a profissional\noferece solu\u00e7\u00f5es jur\u00eddicas que visem a prote\u00e7\u00e3o de marcas e contratos!\t\t\t\t\t\t\t\t<\/div>\n\t\t\t\t<\/div>\n\t\t\t\t<\/div>\n\t\t<div class=\"elementor-element elementor-element-9735914 e-con-full e-flex e-con e-child\" data-id=\"9735914\" data-element_type=\"container\" data-e-type=\"container\">\n\t\t\t\t<div class=\"elementor-element elementor-element-1aecfc5 elementor-widget__width-initial elementor-hidden-tablet elementor-hidden-mobile elementor-widget elementor-widget-image\" data-id=\"1aecfc5\" data-element_type=\"widget\" data-e-type=\"widget\" data-widget_type=\"image.default\">\n\t\t\t\t<div class=\"elementor-widget-container\">\n\t\t\t\t\t\t\t\t\t\t\t\t\t\t\t<img decoding=\"async\" width=\"458\" height=\"560\" src=\"https:\/\/beladuque.com.br\/site\/wp-content\/uploads\/2025\/05\/rafa.png\" class=\"attachment-full size-full wp-image-141\" alt=\"\" srcset=\"https:\/\/beladuque.com.br\/site\/wp-content\/uploads\/2025\/05\/rafa.png 458w, https:\/\/beladuque.com.br\/site\/wp-content\/uploads\/2025\/05\/rafa-245x300.png 245w\" sizes=\"(max-width: 458px) 100vw, 458px\" \/>\t\t\t\t\t\t\t\t\t\t\t\t\t\t\t<\/div>\n\t\t\t\t<\/div>\n\t\t\t\t<\/div>\n\t\t\t\t\t<\/div>\n\t\t\t\t<\/div>\n\t\t\t\t<\/div>\n\t\t","protected":false},"excerpt":{"rendered":"<p>SOBRE N\u00d3S BELA DUQUE DESIGN \u00ae Uma empresa que nasceu da paix\u00e3o de unir um design sofisticado, minimalista e aut\u00eantico, trazendo um novo conceito de identidade visual para o mundo das marcas! Quem \u00e9 a Bela Duque? A Bela Duque, propriet\u00e1ria da empresa, \u00e9 uma profissional formada em design gr\u00e1fico \u00a0e especialista em oferecer solu\u00e7\u00f5es [&hellip;]<\/p>\n","protected":false},"author":1,"featured_media":0,"parent":0,"menu_order":0,"comment_status":"closed","ping_status":"closed","template":"elementor_header_footer","meta":{"footnotes":""},"class_list":["post-133","page","type-page","status-publish","hentry"],"_links":{"self":[{"href":"https:\/\/beladuque.com.br\/site\/wp-json\/wp\/v2\/pages\/133","targetHints":{"allow":["GET"]}}],"collection":[{"href":"https:\/\/beladuque.com.br\/site\/wp-json\/wp\/v2\/pages"}],"about":[{"href":"https:\/\/beladuque.com.br\/site\/wp-json\/wp\/v2\/types\/page"}],"author":[{"embeddable":true,"href":"https:\/\/beladuque.com.br\/site\/wp-json\/wp\/v2\/users\/1"}],"replies":[{"embeddable":true,"href":"https:\/\/beladuque.com.br\/site\/wp-json\/wp\/v2\/comments?post=133"}],"version-history":[{"count":22,"href":"https:\/\/beladuque.com.br\/site\/wp-json\/wp\/v2\/pages\/133\/revisions"}],"predecessor-version":[{"id":540,"href":"https:\/\/beladuque.com.br\/site\/wp-json\/wp\/v2\/pages\/133\/revisions\/540"}],"wp:attachment":[{"href":"https:\/\/beladuque.com.br\/site\/wp-json\/wp\/v2\/media?parent=133"}],"curies":[{"name":"wp","href":"https:\/\/api.w.org\/{rel}","templated":true}]}}